{"id":15,"date":"2020-08-20T07:29:55","date_gmt":"2020-08-20T07:29:55","guid":{"rendered":"http:\/\/mesah.fr\/index.php\/home\/"},"modified":"2022-03-10T14:45:31","modified_gmt":"2022-03-10T14:45:31","slug":"home","status":"publish","type":"page","link":"https:\/\/mesah.fr\/","title":{"rendered":"Accueil"},"content":{"rendered":"\n<div class=\"wp-block-cover alignfull is-light\" style=\"min-height:476px;aspect-ratio:unset;\"><span aria-hidden=\"true\" class=\"has-background-dim-10 wp-block-cover__gradient-background has-background-dim has-background-gradient\" style=\"background:linear-gradient(180deg,rgb(239,239,239) 0%,rgba(255,255,255,0) 100%)\"><\/span><img data-recalc-dims=\"1\" fetchpriority=\"high\" decoding=\"async\" width=\"2560\" height=\"1707\" data-attachment-id=\"240\" data-permalink=\"https:\/\/mesah.fr\/mesah_accueil\/\" data-orig-file=\"https:\/\/i0.wp.com\/mesah.fr\/wp-content\/uploads\/2021\/10\/mesah_accueil-scaled.jpg?fit=2560%2C1707&amp;ssl=1\" data-orig-size=\"2560,1707\" data-comments-opened=\"1\" data-image-meta=\"{&quot;aperture&quot;:&quot;0&quot;,&quot;credit&quot;:&quot;&quot;,&quot;camera&quot;:&quot;&quot;,&quot;caption&quot;:&quot;&quot;,&quot;created_timestamp&quot;:&quot;0&quot;,&quot;copyright&quot;:&quot;&quot;,&quot;focal_length&quot;:&quot;0&quot;,&quot;iso&quot;:&quot;0&quot;,&quot;shutter_speed&quot;:&quot;0&quot;,&quot;title&quot;:&quot;&quot;,&quot;orientation&quot;:&quot;0&quot;}\" data-image-title=\"bandeau_accueil\" data-image-description=\"\" data-image-caption=\"\" data-large-file=\"https:\/\/i0.wp.com\/mesah.fr\/wp-content\/uploads\/2021\/10\/mesah_accueil-scaled.jpg?fit=1024%2C683&amp;ssl=1\" class=\"wp-block-cover__image-background wp-image-240\" alt=\"\" src=\"https:\/\/i0.wp.com\/mesah.fr\/wp-content\/uploads\/2021\/10\/mesah_accueil-scaled.jpg?resize=2560%2C1707&#038;ssl=1\" data-object-fit=\"cover\" srcset=\"https:\/\/i0.wp.com\/mesah.fr\/wp-content\/uploads\/2021\/10\/mesah_accueil-scaled.jpg?w=2560&amp;ssl=1 2560w, https:\/\/i0.wp.com\/mesah.fr\/wp-content\/uploads\/2021\/10\/mesah_accueil-scaled.jpg?resize=300%2C200&amp;ssl=1 300w, https:\/\/i0.wp.com\/mesah.fr\/wp-content\/uploads\/2021\/10\/mesah_accueil-scaled.jpg?resize=1024%2C683&amp;ssl=1 1024w, https:\/\/i0.wp.com\/mesah.fr\/wp-content\/uploads\/2021\/10\/mesah_accueil-scaled.jpg?resize=768%2C512&amp;ssl=1 768w, https:\/\/i0.wp.com\/mesah.fr\/wp-content\/uploads\/2021\/10\/mesah_accueil-scaled.jpg?resize=1536%2C1024&amp;ssl=1 1536w, https:\/\/i0.wp.com\/mesah.fr\/wp-content\/uploads\/2021\/10\/mesah_accueil-scaled.jpg?resize=2048%2C1365&amp;ssl=1 2048w, https:\/\/i0.wp.com\/mesah.fr\/wp-content\/uploads\/2021\/10\/mesah_accueil-scaled.jpg?resize=1320%2C880&amp;ssl=1 1320w, https:\/\/i0.wp.com\/mesah.fr\/wp-content\/uploads\/2021\/10\/mesah_accueil-scaled.jpg?resize=600%2C400&amp;ssl=1 600w\" sizes=\"(max-width: 1000px) 100vw, 1000px\" \/><div class=\"wp-block-cover__inner-container is-layout-flow wp-block-cover-is-layout-flow\">\n<h1 class=\"has-text-color wp-block-heading\" style=\"color:#44883b\">Conseil et Accompagnement<\/h1>\n\n\n\n<div style=\"height:87px\" aria-hidden=\"true\" class=\"wp-block-spacer\"><\/div>\n\n\n\n<h4 class=\"has-ast-global-color-2-color has-text-color wp-block-heading\">Les solutions pour se faciliter la vie au travail<\/h4>\n\n\n\n<div style=\"height:97px\" aria-hidden=\"true\" class=\"wp-block-spacer\"><\/div>\n\n\n\n<div class=\"wp-block-buttons is-layout-flex wp-block-buttons-is-layout-flex\">\n<div class=\"wp-block-button\"><a class=\"wp-block-button__link\" href=\"https:\/\/mesah.fr\/index.php\/contact-us\/\">Contactez-nous<\/a><\/div>\n<\/div>\n<\/div><\/div>\n\n\n\n<div style=\"height:20px\" aria-hidden=\"true\" class=\"wp-block-spacer\"><\/div>\n\n\n\n<p>La soci\u00e9t\u00e9 MESAH conseil apporte des services en  conseil et accompagnement dans les domaines de la conduite de projet et de la Qualit\u00e9 de Vie au Travail.  Nous capitalisons sur du sur-mesure pour aider chaque client \u00e0 atteindre ses objectifs.<\/p>\n\n\n\n<h2 class=\"wp-block-heading\">Experts de confiance et exp\u00e9riment\u00e9s<\/h2>\n\n\n\n<ul class=\"wp-block-list\"><li>C&rsquo;est avec un esprit de  service que nos experts interviennent avec \u00e9thique et bienveillance .<\/li><li>Notre collaboration c&rsquo;est de vous fournir des solutions personnalis\u00e9es et efficaces permettant de soutenir la croissance de l&rsquo;entreprise.<\/li><li>Notre \u00e9quipe de professionnels exp\u00e9riment\u00e9s se consacre \u00e0 r\u00e9aliser avec succ\u00e8s vos projets de transformation num\u00e9rique et organisationnelle.<\/li><\/ul>\n\n\n\n<p>MESAH conseil c&rsquo;est \u00e9galement l&rsquo;accompagnement en management, en strat\u00e9gie et en organisation pour vous soutenir dans  les challenges de la vie professionnelle. <\/p>\n\n\n\n<h2 class=\"wp-block-heading\">Management projet et m\u00e9thode QVT<\/h2>\n\n\n\n<p>Avec MESAH conseil, le management de projet s&rsquo;envisage sous l&rsquo;angle du pilotage d&rsquo;une d\u00e9marche Qualit\u00e9 de Vie au Travail (QVT) selon la m\u00e9thodologie Anact: conduire et accompagner le changement avec une approche favorisant la qualit\u00e9 du travail dans un contexte de transformation au service de la performance globale.<\/p>\n\n\n\n<p>Prenez contact si vous voulez des comp\u00e9tences en: Management de projet, AMOA (Assistance \u00e0 Ma\u00eetrise d&rsquo;Ouvrage), MOE (Ma\u00eetrise d&rsquo;\u0152uvre en gestion de projet), Pilotage d&rsquo;une d\u00e9marche Qualit\u00e9 de Vie au Travail.<\/p>\n\n\n\n<blockquote class=\"wp-block-quote is-layout-flow wp-block-quote-is-layout-flow\"><p>Anact : Agence nationale pour l&rsquo;am\u00e9lioration des conditions de travail <\/p><cite>https:\/\/www.anact.fr\/ <\/cite><\/blockquote>\n","protected":false},"excerpt":{"rendered":"<p>La soci\u00e9t\u00e9 MESAH conseil apporte des services en conseil et accompagnement dans les domaines de la conduite de projet et de la Qualit\u00e9 de Vie au Travail. Nous capitalisons sur du sur-mesure pour aider chaque client \u00e0 atteindre ses objectifs. Experts de confiance et exp\u00e9riment\u00e9s C&rsquo;est avec un esprit de service que nos experts interviennent [&hellip;]<\/p>\n","protected":false},"author":1,"featured_media":0,"parent":0,"menu_order":0,"comment_status":"closed","ping_status":"closed","template":"","meta":{"om_disable_all_campaigns":false,"site-sidebar-layout":"default","site-content-layout":"content-boxed-container","ast-site-content-layout":"default","site-content-style":"default","site-sidebar-style":"default","ast-global-header-display":"","ast-banner-title-visibility":"","ast-main-header-display":"","ast-hfb-above-header-display":"","ast-hfb-below-header-display":"","ast-hfb-mobile-header-display":"","site-post-title":"disabled","ast-breadcrumbs-content":"","ast-featured-img":"","footer-sml-layout":"","ast-disable-related-posts":"","theme-transparent-header-meta":"enabled","adv-header-id-meta":"","stick-header-meta":"","header-above-stick-meta":"","header-main-stick-meta":"","header-below-stick-meta":"","astra-migrate-meta-layouts":"default","ast-page-background-enabled":"default","ast-page-background-meta":{"desktop":{"background-color":"","background-image":"","background-repeat":"repeat","background-position":"center center","background-size":"auto","background-attachment":"scroll","background-type":"","background-media":"","overlay-type":"","overlay-color":"","overlay-opacity":"","overlay-gradient":""},"tablet":{"background-color":"","background-image":"","background-repeat":"repeat","background-position":"center center","background-size":"auto","background-attachment":"scroll","background-type":"","background-media":"","overlay-type":"","overlay-color":"","overlay-opacity":"","overlay-gradient":""},"mobile":{"background-color":"","background-image":"","background-repeat":"repeat","background-position":"center center","background-size":"auto","background-attachment":"scroll","background-type":"","background-media":"","overlay-type":"","overlay-color":"","overlay-opacity":"","overlay-gradient":""}},"ast-content-background-meta":{"desktop":{"background-color":"var(--ast-global-color-5)","background-image":"","background-repeat":"repeat","background-position":"center center","background-size":"auto","background-attachment":"scroll","background-type":"","background-media":"","overlay-type":"","overlay-color":"","overlay-opacity":"","overlay-gradient":""},"tablet":{"background-color":"var(--ast-global-color-5)","background-image":"","background-repeat":"repeat","background-position":"center center","background-size":"auto","background-attachment":"scroll","background-type":"","background-media":"","overlay-type":"","overlay-color":"","overlay-opacity":"","overlay-gradient":""},"mobile":{"background-color":"var(--ast-global-color-5)","background-image":"","background-repeat":"repeat","background-position":"center center","background-size":"auto","background-attachment":"scroll","background-type":"","background-media":"","overlay-type":"","overlay-color":"","overlay-opacity":"","overlay-gradient":""}},"footnotes":""},"class_list":["post-15","page","type-page","status-publish","hentry"],"aioseo_notices":[],"jetpack_shortlink":"https:\/\/wp.me\/Pdqi9t-f","jetpack_sharing_enabled":true,"_links":{"self":[{"href":"https:\/\/mesah.fr\/index.php\/wp-json\/wp\/v2\/pages\/15","targetHints":{"allow":["GET"]}}],"collection":[{"href":"https:\/\/mesah.fr\/index.php\/wp-json\/wp\/v2\/pages"}],"about":[{"href":"https:\/\/mesah.fr\/index.php\/wp-json\/wp\/v2\/types\/page"}],"author":[{"embeddable":true,"href":"https:\/\/mesah.fr\/index.php\/wp-json\/wp\/v2\/users\/1"}],"replies":[{"embeddable":true,"href":"https:\/\/mesah.fr\/index.php\/wp-json\/wp\/v2\/comments?post=15"}],"version-history":[{"count":25,"href":"https:\/\/mesah.fr\/index.php\/wp-json\/wp\/v2\/pages\/15\/revisions"}],"predecessor-version":[{"id":459,"href":"https:\/\/mesah.fr\/index.php\/wp-json\/wp\/v2\/pages\/15\/revisions\/459"}],"wp:attachment":[{"href":"https:\/\/mesah.fr\/index.php\/wp-json\/wp\/v2\/media?parent=15"}],"curies":[{"name":"wp","href":"https:\/\/api.w.org\/{rel}","templated":true}]}}