{"id":394,"date":"2021-12-29T14:40:13","date_gmt":"2021-12-29T14:40:13","guid":{"rendered":"https:\/\/mesah.fr\/?page_id=394"},"modified":"2022-01-17T17:20:18","modified_gmt":"2022-01-17T17:20:18","slug":"mentions-legales","status":"publish","type":"page","link":"https:\/\/mesah.fr\/index.php\/mentions-legales\/","title":{"rendered":"Mentions l\u00e9gales"},"content":{"rendered":"\n<h2 class=\"wp-block-heading\">1. Pr\u00e9sentation du site<\/h2>\n\n\n\n<p>En vertu de l&rsquo;article 6 de la loi n\u00b0 2004-575 du 21 juin 2004 pour la confiance dans l&rsquo;\u00e9conomie num\u00e9rique, il est pr\u00e9cis\u00e9 aux utilisateurs du site internet <a href=\"https:\/\/mesah.fr\" target=\"_blank\" rel=\"noreferrer noopener\">https:\/\/mesah.fr<\/a> l&rsquo;identit\u00e9 des diff\u00e9rents intervenants dans le cadre de sa r\u00e9alisation et de son suivi: <\/p>\n\n\n\n<figure class=\"wp-block-table\"><table><tbody><tr><td>Propri\u00e9taire du site<\/td><td>MESAH conseil<br>&#8211; Contact : contact@mesah.fr<br>&#8211; Adresse : 15 rue des Halles 75001 Paris<br><\/td><\/tr><tr><td>Identification de l&rsquo;entreprise<\/td><td>SAS MESAH conseil au capital social de 2000\u20ac<br>&#8211; SIREN : 903469922<br>&#8211; RCS Paris<br>&#8211; Num\u00e9ro TVA intracommunautaire : FR82903469922<br>&#8211; Adresse postale : 15 rue des Halles 75001 Paris<\/td><\/tr><tr><td>Directeur de la publication<\/td><td>Mme Jeannette Mefoumane, pr\u00e9sidente de la soci\u00e9t\u00e9 MESAH conseil<br>&#8211; Contact : jmefoumane@mesah.fr<\/td><\/tr><tr><td>H\u00e9bergeur<\/td><td>Hostinger International 61 Lordou Vironos, Larnaca, CY, 6023 Chypre +357 22232364<\/td><\/tr><tr><td>D\u00e9l\u00e9gu\u00e9 \u00e0 la protection des donn\u00e9es<\/td><td><a href=\"mailto:dpo@mesah.fr\" target=\"_blank\" rel=\"noreferrer noopener\">dpo@mesah.fr<\/a><\/td><\/tr><\/tbody><\/table><\/figure>\n\n\n\n<h2 class=\"wp-block-heading\">2. Conditions g\u00e9n\u00e9rales d\u2019utilisation du site et des services propos\u00e9s<\/h2>\n\n\n\n<p>L\u2019utilisation du site <a href=\"https:\/\/mesah.fr\" target=\"_blank\" rel=\"noreferrer noopener\">https:\/\/mesah.fr<\/a> implique l\u2019acceptation pleine et enti\u00e8re des conditions g\u00e9n\u00e9rales d\u2019utilisation ci-apr\u00e8s d\u00e9crites.<br>Ces conditions d\u2019utilisation sont susceptibles d\u2019\u00eatre modifi\u00e9es ou compl\u00e9t\u00e9es \u00e0 tout moment, les utilisateurs du site internet sont donc invit\u00e9s \u00e0 les consulter de mani\u00e8re r\u00e9guli\u00e8re.<\/p>\n\n\n\n<p>Le site <a href=\"https:\/\/mesah.fr\" target=\"_blank\" rel=\"noreferrer noopener\">https:\/\/mesah.fr<\/a> a pour objet de fournir une information concernant l\u2019ensemble des activit\u00e9s de la soci\u00e9t\u00e9.<br>Le propri\u00e9taire du site s\u2019efforce de fournir sur le site <a href=\"https:\/\/mesah.fr\" target=\"_blank\" rel=\"noreferrer noopener\">https:\/\/mesah.fr<\/a> des informations aussi pr\u00e9cises que possible. Toutefois, il ne pourra \u00eatre tenue responsable des omissions, des inexactitudes et des carences dans la mise \u00e0 jour, qu\u2019elles soient de son fait ou du fait des tiers partenaires qui lui fournissent ces informations.<br>Tous les informations propos\u00e9es sur le site<a href=\"https:\/\/mesah.fr\" target=\"_blank\" rel=\"noreferrer noopener\"> https:\/\/mesah.fr<\/a> sont donn\u00e9es \u00e0 titre indicatif, sont non exhaustives, et sont susceptibles d\u2019\u00e9voluer. Elles sont donn\u00e9es sous r\u00e9serve de modifications ayant \u00e9t\u00e9 apport\u00e9es depuis leur mise en ligne.<\/p>\n\n\n\n<h2 class=\"wp-block-heading\">3. Propri\u00e9t\u00e9 intellectuelle et contrefa\u00e7ons<\/h2>\n\n\n\n<p> MESAH conseil est propri\u00e9taire des droits de propri\u00e9t\u00e9 intellectuelle et d\u00e9tient les droits d\u2019usage sur tous les \u00e9l\u00e9ments accessibles sur le site internet, notamment les textes, images, graphismes, logos, vid\u00e9os, architecture, ic\u00f4nes et sons.<\/p>\n\n\n\n<p>Toute reproduction, repr\u00e9sentation, modification, publication, adaptation de tout ou partie des \u00e9l\u00e9ments du site, quel que soit le moyen ou le proc\u00e9d\u00e9 utilis\u00e9, est interdite, sauf autorisation \u00e9crite pr\u00e9alable de MESAH conseil.<\/p>\n\n\n\n<p>Toute exploitation non autoris\u00e9e du site ou de l\u2019un quelconque des \u00e9l\u00e9ments qu\u2019il contient sera consid\u00e9r\u00e9e comme constitutive d\u2019une contrefa\u00e7on et poursuivie conform\u00e9ment aux dispositions des articles L.335-2 et suivants du Code de Propri\u00e9t\u00e9 Intellectuelle.<\/p>\n\n\n\n<h2 class=\"wp-block-heading\">4. Limitations de responsabilit\u00e9<\/h2>\n\n\n\n<p>MESAH conseil ne pourra \u00eatre tenu pour responsable des dommages directs et indirects caus\u00e9s au mat\u00e9riel de l\u2019utilisateur, lors de l\u2019acc\u00e8s au site<a href=\"https:\/\/mesah.fr\" target=\"_blank\" rel=\"noreferrer noopener\"> https:\/\/mesah.fr<\/a>.<\/p>\n\n\n\n<p>MESAH conseil d\u00e9cline toute responsabilit\u00e9 quant \u00e0 l\u2019utilisation qui pourrait \u00eatre faite des informations et contenus pr\u00e9sents sur <a href=\"https:\/\/mesah.fr\" target=\"_blank\" rel=\"noreferrer noopener\">https:\/\/mesah.fr<\/a>.<\/p>\n\n\n\n<p>MESAH conseil s\u2019engage \u00e0 s\u00e9curiser au mieux le site <a href=\"https:\/\/mesah.fr\" target=\"_blank\" rel=\"noreferrer noopener\">https:\/\/mesah.fr<\/a>, cependant sa responsabilit\u00e9 ne pourra \u00eatre mise en cause si des donn\u00e9es ind\u00e9sirables sont import\u00e9es et install\u00e9es sur son site \u00e0 son insu.<\/p>\n\n\n\n<p>Des espaces interactifs (espace contact ou commentaires) sont \u00e0 la disposition des utilisateurs. MESAH conseil se r\u00e9serve le droit de supprimer, sans mise en demeure pr\u00e9alable, tout contenu d\u00e9pos\u00e9 dans cet espace qui contreviendrait \u00e0 la l\u00e9gislation applicable en France, en particulier aux dispositions relatives \u00e0 la protection des donn\u00e9es.<\/p>\n\n\n\n<p>Le cas \u00e9ch\u00e9ant, MESAH conseil se r\u00e9serve \u00e9galement la possibilit\u00e9 de mettre en cause la responsabilit\u00e9 civile et\/ou p\u00e9nale de l\u2019utilisateur, notamment en cas de message \u00e0 caract\u00e8re raciste, injurieux, diffamant, ou pornographique, quel que soit le support utilis\u00e9 (texte, photographie \u2026).<\/p>\n\n\n\n<h2 class=\"wp-block-heading\">5. Protection des biens et des personnes &#8211; gestion des donn\u00e9es personnelles<\/h2>\n\n\n\n<p> Utilisateur : Internaute se connectant, utilisant le site susnomm\u00e9 :<a href=\"https:\/\/mesah.fr\" target=\"_blank\" rel=\"noreferrer noopener\"> https:\/\/mesah.fr<\/a><\/p>\n\n\n\n<p>En France, les donn\u00e9es personnelles sont notamment prot\u00e9g\u00e9es par la loi n\u00b0 78-87 du 6 janvier 1978, la loi n\u00b0 2004-801 du 6 ao\u00fbt 2004, l&rsquo;article L. 226-13 du Code p\u00e9nal et la Directive Europ\u00e9enne du 24 octobre 1995.<br>Sur le site<a href=\"https:\/\/mesah.fr\" target=\"_blank\" rel=\"noreferrer noopener\"> https:\/\/mesah.fr<\/a>, le propri\u00e9taire du site ne collecte des informations personnelles relatives \u00e0 l&rsquo;utilisateur que pour le besoin de certains services propos\u00e9s par le site <a href=\"https:\/\/mesah.fr\" target=\"_blank\" rel=\"noreferrer noopener\">https:\/\/mesah.fr<\/a>.<\/p>\n\n\n\n<p>L&rsquo;utilisateur fournit ces informations en toute connaissance de cause, notamment lorsqu&rsquo;il proc\u00e8de par lui-m\u00eame \u00e0 leur saisie. Il est alors pr\u00e9cis\u00e9 \u00e0 l&rsquo;utilisateur du site<a href=\"https:\/\/mesah.fr\" target=\"_blank\" rel=\"noreferrer noopener\"> https:\/\/mesah.fr<\/a> l\u2019obligation ou non de fournir ces informations.<\/p>\n\n\n\n<p>Conform\u00e9ment aux dispositions des articles 38 et suivants de la loi 78-17 du 6 janvier 1978 relative \u00e0 l\u2019informatique, aux fichiers et aux libert\u00e9s, tout utilisateur dispose d\u2019un droit d\u2019acc\u00e8s, de rectification, de suppression et d\u2019opposition aux donn\u00e9es personnelles le concernant.<\/p>\n\n\n\n<p>Pour l\u2019exercer,  vous pouvez contacter son d\u00e9l\u00e9gu\u00e9 \u00e0 la protection des donn\u00e9es (DPO) : <\/p>\n\n\n\n<ul class=\"wp-block-list\"><li>Par mail \u00e0 l\u2019adresse \u00e9lectronique suivante : dpo@mesah.fr<\/li><li>Par courrier \u00e0 l&rsquo;adresse suivante : <ul><li>MESAH conseil<\/li><li>A l&rsquo;attention du d\u00e9l\u00e9gu\u00e9 \u00e0 la protection des donn\u00e9es (DPO)<\/li><li>15 rue des Halles 75001 Paris<\/li><\/ul><\/li><\/ul>\n\n\n\n<p> Conform\u00e9ment \u00e0 la r\u00e9glementation en vigueur, votre demande doit \u00eatre sign\u00e9e et accompagn\u00e9e de la copie d\u2019une pi\u00e8ce d\u2019identit\u00e9 portant votre signature. <\/p>\n\n\n\n<p>Aucune information personnelle de l&rsquo;utilisateur du site <a href=\"https:\/\/mesah.fr\" target=\"_blank\" rel=\"noreferrer noopener\">https:\/\/mesah.fr<\/a> n&rsquo;est publi\u00e9e \u00e0 l&rsquo;insu de l&rsquo;utilisateur, \u00e9chang\u00e9e, transf\u00e9r\u00e9e, c\u00e9d\u00e9e ou vendue sur un support quelconque \u00e0 des tiers. Seule l&rsquo;hypoth\u00e8se du rachat du site <a href=\"https:\/\/mesah.fr\" target=\"_blank\" rel=\"noreferrer noopener\">https:\/\/mesah.fr<\/a> au propri\u00e9taire du site et de ses droits permettrait la transmission des dites informations \u00e0 l&rsquo;\u00e9ventuel acqu\u00e9reur qui serait \u00e0 son tour tenu de la m\u00eame obligation de conservation et de modification des donn\u00e9es vis \u00e0 vis de l&rsquo;utilisateur du site<a href=\" https:\/\/mesah.fr\"> https:\/\/mesah.fr<\/a>.<\/p>\n\n\n\n<p>Les bases de donn\u00e9es sont prot\u00e9g\u00e9es par les dispositions de la loi du 1er juillet 1998 transposant la directive 96\/9 du 11 mars 1996 relative \u00e0 la protection juridique des bases de donn\u00e9es.<\/p>\n\n\n\n<h2 class=\"wp-block-heading\">6. Liens hypertextes et cookies<\/h2>\n\n\n\n<p>Le site<a href=\"https:\/\/mesah.fr\" target=\"_blank\" rel=\"noreferrer noopener\"> https:\/\/mesah.fr<\/a> contient des liens hypertextes vers d\u2019autres sites et d\u00e9gage toute responsabilit\u00e9 \u00e0 propos de ces liens externes ou des liens cr\u00e9\u00e9s par d\u2019autres sites vers <a href=\"https:\/\/mesah.fr\" target=\"_blank\" rel=\"noreferrer noopener\">https:\/\/mesah.fr<\/a>.<\/p>\n\n\n\n<p>La navigation sur le site <a href=\"https:\/\/mesah.fr\" target=\"_blank\" rel=\"noreferrer noopener\">https:\/\/mesah.fr<\/a> est susceptible de provoquer l\u2019installation de cookie(s) sur l\u2019ordinateur de l\u2019utilisateur.<\/p>\n\n\n\n<p>Un \u00ab\u00a0cookie\u00a0\u00bb est un fichier de petite taille qui enregistre des informations relatives \u00e0 la navigation d\u2019un utilisateur sur un site. Les donn\u00e9es ainsi obtenues permettent d&rsquo;obtenir des mesures de fr\u00e9quentation, par exemple.<\/p>\n\n\n\n<p>Vous avez la possibilit\u00e9 d\u2019accepter ou de refuser les cookies en modifiant les param\u00e8tres de votre navigateur. Aucun cookie ne sera d\u00e9pos\u00e9 sans votre consentement.<br>Le refus d\u2019installation d\u2019un cookie peut entra\u00eener l\u2019impossibilit\u00e9 d\u2019acc\u00e9der \u00e0 certains services.<\/p>\n\n\n\n<p>Pour plus d&rsquo;informations sur la fa\u00e7on dont nous faisons usage des cookies, lisez notre <a href=\"https:\/\/mesah.fr\/index.php\/politique-de-cookies-eu\/\" target=\"_blank\" rel=\"noreferrer noopener\" title=\"politique de cookies\">politique de cookies<\/a>.<\/p>\n\n\n\n<h2 class=\"wp-block-heading\">7. Droit applicable et attribution de juridiction<\/h2>\n\n\n\n<p>Tout litige en relation avec l\u2019utilisation du site <a href=\"https:\/\/mesah.fr\" target=\"_blank\" rel=\"noreferrer noopener\">https:\/\/mesah.fr<\/a> est soumis au droit Fran\u00e7ais. En dehors des cas o\u00f9 la loi ne le permet pas, il est fait attribution exclusive de juridiction aux tribunaux comp\u00e9tents de Paris.<\/p>\n","protected":false},"excerpt":{"rendered":"<p>1. Pr\u00e9sentation du site En vertu de l&rsquo;article 6 de la loi n\u00b0 2004-575 du 21 juin 2004 pour la confiance dans l&rsquo;\u00e9conomie num\u00e9rique, il est pr\u00e9cis\u00e9 aux utilisateurs du site internet https:\/\/mesah.fr l&rsquo;identit\u00e9 des diff\u00e9rents intervenants dans le cadre de sa r\u00e9alisation et de son suivi: Propri\u00e9taire du site MESAH conseil&#8211; Contact : contact@mesah.fr&#8211; [&hellip;]<\/p>\n","protected":false},"author":1,"featured_media":0,"parent":0,"menu_order":0,"comment_status":"closed","ping_status":"open","template":"","meta":{"om_disable_all_campaigns":false,"site-sidebar-layout":"default","site-content-layout":"","ast-site-content-layout":"default","site-content-style":"default","site-sidebar-style":"default","ast-global-header-display":"","ast-banner-title-visibility":"","ast-main-header-display":"","ast-hfb-above-header-display":"","ast-hfb-below-header-display":"","ast-hfb-mobile-header-display":"","site-post-title":"","ast-breadcrumbs-content":"","ast-featured-img":"","footer-sml-layout":"","ast-disable-related-posts":"","theme-transparent-header-meta":"","adv-header-id-meta":"","stick-header-meta":"","header-above-stick-meta":"","header-main-stick-meta":"","header-below-stick-meta":"","astra-migrate-meta-layouts":"default","ast-page-background-enabled":"default","ast-page-background-meta":{"desktop":{"background-color":"","background-image":"","background-repeat":"repeat","background-position":"center center","background-size":"auto","background-attachment":"scroll","background-type":"","background-media":"","overlay-type":"","overlay-color":"","overlay-opacity":"","overlay-gradient":""},"tablet":{"background-color":"","background-image":"","background-repeat":"repeat","background-position":"center center","background-size":"auto","background-attachment":"scroll","background-type":"","background-media":"","overlay-type":"","overlay-color":"","overlay-opacity":"","overlay-gradient":""},"mobile":{"background-color":"","background-image":"","background-repeat":"repeat","background-position":"center center","background-size":"auto","background-attachment":"scroll","background-type":"","background-media":"","overlay-type":"","overlay-color":"","overlay-opacity":"","overlay-gradient":""}},"ast-content-background-meta":{"desktop":{"background-color":"var(--ast-global-color-5)","background-image":"","background-repeat":"repeat","background-position":"center center","background-size":"auto","background-attachment":"scroll","background-type":"","background-media":"","overlay-type":"","overlay-color":"","overlay-opacity":"","overlay-gradient":""},"tablet":{"background-color":"var(--ast-global-color-5)","background-image":"","background-repeat":"repeat","background-position":"center center","background-size":"auto","background-attachment":"scroll","background-type":"","background-media":"","overlay-type":"","overlay-color":"","overlay-opacity":"","overlay-gradient":""},"mobile":{"background-color":"var(--ast-global-color-5)","background-image":"","background-repeat":"repeat","background-position":"center center","background-size":"auto","background-attachment":"scroll","background-type":"","background-media":"","overlay-type":"","overlay-color":"","overlay-opacity":"","overlay-gradient":""}},"footnotes":""},"class_list":["post-394","page","type-page","status-publish","hentry"],"aioseo_notices":[],"jetpack_shortlink":"https:\/\/wp.me\/Pdqi9t-6m","jetpack_sharing_enabled":true,"_links":{"self":[{"href":"https:\/\/mesah.fr\/index.php\/wp-json\/wp\/v2\/pages\/394","targetHints":{"allow":["GET"]}}],"collection":[{"href":"https:\/\/mesah.fr\/index.php\/wp-json\/wp\/v2\/pages"}],"about":[{"href":"https:\/\/mesah.fr\/index.php\/wp-json\/wp\/v2\/types\/page"}],"author":[{"embeddable":true,"href":"https:\/\/mesah.fr\/index.php\/wp-json\/wp\/v2\/users\/1"}],"replies":[{"embeddable":true,"href":"https:\/\/mesah.fr\/index.php\/wp-json\/wp\/v2\/comments?post=394"}],"version-history":[{"count":5,"href":"https:\/\/mesah.fr\/index.php\/wp-json\/wp\/v2\/pages\/394\/revisions"}],"predecessor-version":[{"id":414,"href":"https:\/\/mesah.fr\/index.php\/wp-json\/wp\/v2\/pages\/394\/revisions\/414"}],"wp:attachment":[{"href":"https:\/\/mesah.fr\/index.php\/wp-json\/wp\/v2\/media?parent=394"}],"curies":[{"name":"wp","href":"https:\/\/api.w.org\/{rel}","templated":true}]}}