{"id":430,"date":"2022-03-10T13:23:30","date_gmt":"2022-03-10T13:23:30","guid":{"rendered":"https:\/\/mesah.fr\/?page_id=430"},"modified":"2024-06-16T16:51:01","modified_gmt":"2024-06-16T16:51:01","slug":"a-propos","status":"publish","type":"page","link":"https:\/\/mesah.fr\/index.php\/a-propos\/","title":{"rendered":"A propos"},"content":{"rendered":"\n<div class=\"wp-block-cover alignfull\" style=\"min-height:476px;aspect-ratio:unset;\"><span aria-hidden=\"true\" class=\"wp-block-cover__background has-background-dim-10 has-background-dim wp-block-cover__gradient-background has-background-gradient\" style=\"background:linear-gradient(180deg,rgb(255,255,255) 0%,rgba(239,248,250,0.45) 52%)\"><\/span><img data-recalc-dims=\"1\" fetchpriority=\"high\" decoding=\"async\" width=\"2560\" height=\"1707\" data-attachment-id=\"448\" data-permalink=\"https:\/\/mesah.fr\/index.php\/a-propos\/bandeau_lumiere\/\" data-orig-file=\"https:\/\/i0.wp.com\/mesah.fr\/wp-content\/uploads\/2022\/03\/bandeau_lumiere.png?fit=2560%2C1707&amp;ssl=1\" data-orig-size=\"2560,1707\" data-comments-opened=\"1\" data-image-meta=\"{&quot;aperture&quot;:&quot;0&quot;,&quot;credit&quot;:&quot;&quot;,&quot;camera&quot;:&quot;&quot;,&quot;caption&quot;:&quot;&quot;,&quot;created_timestamp&quot;:&quot;0&quot;,&quot;copyright&quot;:&quot;&quot;,&quot;focal_length&quot;:&quot;0&quot;,&quot;iso&quot;:&quot;0&quot;,&quot;shutter_speed&quot;:&quot;0&quot;,&quot;title&quot;:&quot;&quot;,&quot;orientation&quot;:&quot;0&quot;}\" data-image-title=\"bandeau_lumiere\" data-image-description=\"\" data-image-caption=\"\" data-medium-file=\"https:\/\/i0.wp.com\/mesah.fr\/wp-content\/uploads\/2022\/03\/bandeau_lumiere.png?fit=300%2C200&amp;ssl=1\" data-large-file=\"https:\/\/i0.wp.com\/mesah.fr\/wp-content\/uploads\/2022\/03\/bandeau_lumiere.png?fit=1024%2C683&amp;ssl=1\" class=\"wp-block-cover__image-background wp-image-448\" alt=\"\" src=\"https:\/\/i0.wp.com\/mesah.fr\/wp-content\/uploads\/2022\/03\/bandeau_lumiere.png?resize=2560%2C1707&#038;ssl=1\" style=\"object-position:83% 68%\" data-object-fit=\"cover\" data-object-position=\"83% 68%\" srcset=\"https:\/\/i0.wp.com\/mesah.fr\/wp-content\/uploads\/2022\/03\/bandeau_lumiere.png?w=2560&amp;ssl=1 2560w, https:\/\/i0.wp.com\/mesah.fr\/wp-content\/uploads\/2022\/03\/bandeau_lumiere.png?resize=300%2C200&amp;ssl=1 300w, https:\/\/i0.wp.com\/mesah.fr\/wp-content\/uploads\/2022\/03\/bandeau_lumiere.png?resize=1024%2C683&amp;ssl=1 1024w, https:\/\/i0.wp.com\/mesah.fr\/wp-content\/uploads\/2022\/03\/bandeau_lumiere.png?resize=768%2C512&amp;ssl=1 768w, https:\/\/i0.wp.com\/mesah.fr\/wp-content\/uploads\/2022\/03\/bandeau_lumiere.png?resize=1536%2C1024&amp;ssl=1 1536w, https:\/\/i0.wp.com\/mesah.fr\/wp-content\/uploads\/2022\/03\/bandeau_lumiere.png?resize=2048%2C1365&amp;ssl=1 2048w, https:\/\/i0.wp.com\/mesah.fr\/wp-content\/uploads\/2022\/03\/bandeau_lumiere.png?resize=1320%2C880&amp;ssl=1 1320w, https:\/\/i0.wp.com\/mesah.fr\/wp-content\/uploads\/2022\/03\/bandeau_lumiere.png?resize=600%2C400&amp;ssl=1 600w\" sizes=\"(max-width: 1000px) 100vw, 1000px\" \/><div class=\"wp-block-cover__inner-container is-layout-flow wp-block-cover-is-layout-flow\">\n<h1 class=\"wp-block-heading has-text-color\" style=\"color:#44883b\">Qui sommes-nous<\/h1>\n<\/div><\/div>\n\n\n\n<div style=\"height:20px\" aria-hidden=\"true\" class=\"wp-block-spacer\"><\/div>\n\n\n\n<h2 class=\"wp-block-heading\">Notre mission<\/h2>\n\n\n\n<div class=\"wp-block-columns is-layout-flex wp-container-core-columns-is-layout-28f84493 wp-block-columns-is-layout-flex\">\n<div class=\"wp-block-column is-layout-flow wp-block-column-is-layout-flow\" style=\"flex-basis:33.33%\">\n<figure class=\"wp-block-embed is-type-rich is-provider-prise-en-charge-des-contenus-embarqu-s wp-block-embed-prise-en-charge-des-contenus-embarqu-s wp-embed-aspect-16-9 wp-has-aspect-ratio\"><div class=\"wp-block-embed__wrapper\">\n<iframe title=\"Jeannette Mefoumane - Consultante en pilotage de projets IT - Promo 2021\" width=\"500\" height=\"281\" src=\"https:\/\/www.youtube.com\/embed\/xwqw1k8fP7Y?feature=oembed\" frameborder=\"0\" allow=\"accelerometer; autoplay; clipboard-write; encrypted-media; gyroscope; picture-in-picture; web-share\" referrerpolicy=\"strict-origin-when-cross-origin\" allowfullscreen><\/iframe>\n<\/div><\/figure>\n\n\n\n<div class=\"wp-block-buttons is-content-justification-center is-layout-flex wp-container-core-buttons-is-layout-098cc607 wp-block-buttons-is-layout-flex\">\n<div class=\"wp-block-button\"><a class=\"wp-block-button__link wp-element-button\" href=\"https:\/\/mesah.fr\/index.php\/contact-us\/\" target=\"_blank\" rel=\"noreferrer noopener\">Contactez-nous<\/a><\/div>\n<\/div>\n<\/div>\n\n\n\n<div class=\"wp-block-column is-layout-flow wp-block-column-is-layout-flow\" style=\"flex-basis:66.66%\">\n<p>Je m\u2019appelle <strong>Jeannette MEFOUMAN<\/strong>E. Je suis Consultante et&nbsp; Experte en Management&nbsp; des Syst\u00e8mes d&rsquo;Information. Je suis passionn\u00e9e par la Qualit\u00e9 de Vie au Travail.<\/p>\n\n\n\n<p>J\u2019ai fond\u00e9 la soci\u00e9t\u00e9 MESAH conseil pour:<\/p>\n\n\n\n<ul class=\"wp-block-list\">\n<li><strong>ME<\/strong> comme <strong>MEttre <\/strong>: nous fournissons des services d\u2019accompagnement humain et&nbsp;d&rsquo;outils informatiques<\/li>\n\n\n\n<li><strong>S<\/strong> comme <strong>Simplement <\/strong>: pour vous faciliter la vie en vous faisant gagner du temps<\/li>\n\n\n\n<li><strong>A<\/strong> comme <strong>Authenticit\u00e9 <\/strong>: dans un esprit de v\u00e9rit\u00e9 et d\u2019excellence<\/li>\n\n\n\n<li><strong>H<\/strong> comme <strong>Harmonie <\/strong>dans le travail : afin que votre travail ait du sens pour vous et sa qualit\u00e9 s\u2019am\u00e9liore en continue<\/li>\n<\/ul>\n<\/div>\n<\/div>\n\n\n\n<h2 class=\"wp-block-heading\">Mon parcours<\/h2>\n\n\n\n<p>Je suis dipl\u00f4m\u00e9e de l&rsquo;Executive MBA Management IT &amp; Entrepreneuriat \u00e0 Epitech. J\u2019ai occup\u00e9 13 ans la fonction de chef de projet au sein de la DSI d&rsquo;un groupe h\u00f4telier.&nbsp; Mon r\u00f4le est d\u2019apporter mon expertise en Syst\u00e8mes d&rsquo;Information . J&rsquo;aide \u00e0 piloter les projets d\u2019\u00e9volution du syst\u00e8me d&rsquo;information d\u2019une part. D\u2019autre part, j\u2019aide les directions m\u00e9tiers \u00e0 d\u00e9velopper la culture projet et je facilite le lien avec la DSI en favorisant les modes d&rsquo;association des utilisateurs.<\/p>\n\n\n\n<p>En 2021, j\u2019ai cr\u00e9\u00e9 MESAH conseil avec l\u2019objectif d\u2019associer \u00e0 une d\u00e9marche de projet classique, une d\u00e9marche Qualit\u00e9 de Vie au Travail. Le but est de mettre l\u2019humain au centre des pr\u00e9occupations dans tout projet de changement. <\/p>\n\n\n\n<p>Les services MESAH conseil permettent l&rsquo;intervention de diff\u00e9rents partenaires du dialogue social, de l&rsquo;informatique, du d\u00e9veloppement professionnel et personnel.<\/p>\n\n\n\n<h2 class=\"wp-block-heading\">Mon ambition<\/h2>\n\n\n\n<div class=\"wp-block-columns is-layout-flex wp-container-core-columns-is-layout-28f84493 wp-block-columns-is-layout-flex\">\n<div class=\"wp-block-column is-layout-flow wp-block-column-is-layout-flow\" style=\"flex-basis:33.33%\">\n<figure class=\"wp-block-image size-large\"><img data-recalc-dims=\"1\" decoding=\"async\" width=\"1024\" height=\"683\" data-attachment-id=\"437\" data-permalink=\"https:\/\/mesah.fr\/index.php\/a-propos\/salarie_stress\/\" data-orig-file=\"https:\/\/i0.wp.com\/mesah.fr\/wp-content\/uploads\/2022\/03\/salarie_stress-scaled.jpg?fit=2560%2C1707&amp;ssl=1\" data-orig-size=\"2560,1707\" data-comments-opened=\"1\" data-image-meta=\"{&quot;aperture&quot;:&quot;0&quot;,&quot;credit&quot;:&quot;&quot;,&quot;camera&quot;:&quot;&quot;,&quot;caption&quot;:&quot;&quot;,&quot;created_timestamp&quot;:&quot;0&quot;,&quot;copyright&quot;:&quot;&quot;,&quot;focal_length&quot;:&quot;0&quot;,&quot;iso&quot;:&quot;0&quot;,&quot;shutter_speed&quot;:&quot;0&quot;,&quot;title&quot;:&quot;&quot;,&quot;orientation&quot;:&quot;0&quot;}\" data-image-title=\"salarie_stress\" data-image-description=\"\" data-image-caption=\"\" data-medium-file=\"https:\/\/i0.wp.com\/mesah.fr\/wp-content\/uploads\/2022\/03\/salarie_stress-scaled.jpg?fit=300%2C200&amp;ssl=1\" data-large-file=\"https:\/\/i0.wp.com\/mesah.fr\/wp-content\/uploads\/2022\/03\/salarie_stress-scaled.jpg?fit=1024%2C683&amp;ssl=1\" src=\"https:\/\/i0.wp.com\/mesah.fr\/wp-content\/uploads\/2022\/03\/salarie_stress.jpg?resize=1024%2C683&#038;ssl=1\" alt=\"\" class=\"wp-image-437\" srcset=\"https:\/\/i0.wp.com\/mesah.fr\/wp-content\/uploads\/2022\/03\/salarie_stress-scaled.jpg?resize=1024%2C683&amp;ssl=1 1024w, https:\/\/i0.wp.com\/mesah.fr\/wp-content\/uploads\/2022\/03\/salarie_stress-scaled.jpg?resize=300%2C200&amp;ssl=1 300w, https:\/\/i0.wp.com\/mesah.fr\/wp-content\/uploads\/2022\/03\/salarie_stress-scaled.jpg?resize=768%2C512&amp;ssl=1 768w, https:\/\/i0.wp.com\/mesah.fr\/wp-content\/uploads\/2022\/03\/salarie_stress-scaled.jpg?resize=1536%2C1024&amp;ssl=1 1536w, https:\/\/i0.wp.com\/mesah.fr\/wp-content\/uploads\/2022\/03\/salarie_stress-scaled.jpg?resize=2048%2C1365&amp;ssl=1 2048w, https:\/\/i0.wp.com\/mesah.fr\/wp-content\/uploads\/2022\/03\/salarie_stress-scaled.jpg?resize=1320%2C880&amp;ssl=1 1320w, https:\/\/i0.wp.com\/mesah.fr\/wp-content\/uploads\/2022\/03\/salarie_stress-scaled.jpg?resize=600%2C400&amp;ssl=1 600w\" sizes=\"(max-width: 1000px) 100vw, 1000px\" \/><\/figure>\n<\/div>\n\n\n\n<div class=\"wp-block-column is-layout-flow wp-block-column-is-layout-flow\" style=\"flex-basis:66.66%\">\n<p>Il nous tient \u00e0 c\u0153ur d\u2019accompagner les salari\u00e9s \u00e0 trouver le sens de leur travail. Par cons\u00e9quent, nous mettons \u00e0 leur disposition une palette de solutions.  Il s&rsquo;agit de l\u2019accompagnement humain par des experts. Un autre levier d&rsquo;action est de d\u00e9ployer des solutions num\u00e9riques.<\/p>\n<\/div>\n<\/div>\n\n\n\n<div class=\"wp-block-columns is-layout-flex wp-container-core-columns-is-layout-28f84493 wp-block-columns-is-layout-flex\">\n<div class=\"wp-block-column is-layout-flow wp-block-column-is-layout-flow\" style=\"flex-basis:33.33%\">\n<figure class=\"wp-block-image size-large\"><img data-recalc-dims=\"1\" decoding=\"async\" width=\"1024\" height=\"683\" data-attachment-id=\"438\" data-permalink=\"https:\/\/mesah.fr\/index.php\/a-propos\/entreprise_services\/\" data-orig-file=\"https:\/\/i0.wp.com\/mesah.fr\/wp-content\/uploads\/2022\/03\/entreprise_services-scaled.jpg?fit=2560%2C1707&amp;ssl=1\" data-orig-size=\"2560,1707\" data-comments-opened=\"1\" data-image-meta=\"{&quot;aperture&quot;:&quot;0&quot;,&quot;credit&quot;:&quot;&quot;,&quot;camera&quot;:&quot;&quot;,&quot;caption&quot;:&quot;&quot;,&quot;created_timestamp&quot;:&quot;0&quot;,&quot;copyright&quot;:&quot;&quot;,&quot;focal_length&quot;:&quot;0&quot;,&quot;iso&quot;:&quot;0&quot;,&quot;shutter_speed&quot;:&quot;0&quot;,&quot;title&quot;:&quot;&quot;,&quot;orientation&quot;:&quot;0&quot;}\" data-image-title=\"entreprise_services\" data-image-description=\"\" data-image-caption=\"\" data-medium-file=\"https:\/\/i0.wp.com\/mesah.fr\/wp-content\/uploads\/2022\/03\/entreprise_services-scaled.jpg?fit=300%2C200&amp;ssl=1\" data-large-file=\"https:\/\/i0.wp.com\/mesah.fr\/wp-content\/uploads\/2022\/03\/entreprise_services-scaled.jpg?fit=1024%2C683&amp;ssl=1\" src=\"https:\/\/i0.wp.com\/mesah.fr\/wp-content\/uploads\/2022\/03\/entreprise_services.jpg?resize=1024%2C683&#038;ssl=1\" alt=\"\" class=\"wp-image-438\" srcset=\"https:\/\/i0.wp.com\/mesah.fr\/wp-content\/uploads\/2022\/03\/entreprise_services-scaled.jpg?resize=1024%2C683&amp;ssl=1 1024w, https:\/\/i0.wp.com\/mesah.fr\/wp-content\/uploads\/2022\/03\/entreprise_services-scaled.jpg?resize=300%2C200&amp;ssl=1 300w, https:\/\/i0.wp.com\/mesah.fr\/wp-content\/uploads\/2022\/03\/entreprise_services-scaled.jpg?resize=768%2C512&amp;ssl=1 768w, https:\/\/i0.wp.com\/mesah.fr\/wp-content\/uploads\/2022\/03\/entreprise_services-scaled.jpg?w=2000&amp;ssl=1 2000w\" sizes=\"(max-width: 1000px) 100vw, 1000px\" \/><\/figure>\n<\/div>\n\n\n\n<div class=\"wp-block-column is-layout-flow wp-block-column-is-layout-flow\" style=\"flex-basis:66.66%\">\n<p>La crise COVID-19 a eu pour cons\u00e9quence les changements dans l\u2019organisation du travail&nbsp; et elle a affect\u00e9 la sant\u00e9 mentale des salari\u00e9s.<\/p>\n\n\n\n<p>Ainsi, pour lancer un projet&nbsp; dans ce contexte, cela n\u00e9cessite qu\u2019une conduite de changement puisse prendre en compte les impacts de cette transformation sur les salari\u00e9s.&nbsp;<\/p>\n<\/div>\n<\/div>\n\n\n\n<p>MESAH conseil fournit \u00e0 l&rsquo;entreprise la m\u00e9thode de pilotage de projet \u00e0 impact en permettant d&rsquo;anticiper sur les risques professionnels (notamment ceux li\u00e9s \u00e0 l&rsquo;organisation et au management), et en favorisant pr\u00e9vention des effets sur la sant\u00e9 des salari\u00e9s (stress, harc\u00e8lement, burn-out, etc.).<\/p>\n","protected":false},"excerpt":{"rendered":"<p>Notre mission Je m\u2019appelle Jeannette MEFOUMANE. Je suis Consultante et&nbsp; Experte en Management&nbsp; des Syst\u00e8mes d&rsquo;Information. Je suis passionn\u00e9e par la Qualit\u00e9 de Vie au Travail. J\u2019ai fond\u00e9 la soci\u00e9t\u00e9 MESAH conseil pour: Mon parcours Je suis dipl\u00f4m\u00e9e de l&rsquo;Executive MBA Management IT &amp; Entrepreneuriat \u00e0 Epitech. J\u2019ai occup\u00e9 13 ans la fonction de chef [&hellip;]<\/p>\n","protected":false},"author":1,"featured_media":0,"parent":0,"menu_order":0,"comment_status":"closed","ping_status":"closed","template":"","meta":{"om_disable_all_campaigns":false,"site-sidebar-layout":"default","site-content-layout":"content-boxed-container","ast-site-content-layout":"normal-width-container","site-content-style":"boxed","site-sidebar-style":"unboxed","ast-global-header-display":"","ast-banner-title-visibility":"","ast-main-header-display":"","ast-hfb-above-header-display":"","ast-hfb-below-header-display":"","ast-hfb-mobile-header-display":"","site-post-title":"disabled","ast-breadcrumbs-content":"","ast-featured-img":"","footer-sml-layout":"","ast-disable-related-posts":"","theme-transparent-header-meta":"enabled","adv-header-id-meta":"","stick-header-meta":"","header-above-stick-meta":"","header-main-stick-meta":"","header-below-stick-meta":"","astra-migrate-meta-layouts":"set","ast-page-background-enabled":"default","ast-page-background-meta":{"desktop":{"background-color":"","background-image":"","background-repeat":"repeat","background-position":"center center","background-size":"auto","background-attachment":"scroll","background-type":"","background-media":"","overlay-type":"","overlay-color":"","overlay-opacity":"","overlay-gradient":""},"tablet":{"background-color":"","background-image":"","background-repeat":"repeat","background-position":"center center","background-size":"auto","background-attachment":"scroll","background-type":"","background-media":"","overlay-type":"","overlay-color":"","overlay-opacity":"","overlay-gradient":""},"mobile":{"background-color":"","background-image":"","background-repeat":"repeat","background-position":"center center","background-size":"auto","background-attachment":"scroll","background-type":"","background-media":"","overlay-type":"","overlay-color":"","overlay-opacity":"","overlay-gradient":""}},"ast-content-background-meta":{"desktop":{"background-color":"var(--ast-global-color-5)","background-image":"","background-repeat":"repeat","background-position":"center center","background-size":"auto","background-attachment":"scroll","background-type":"","background-media":"","overlay-type":"","overlay-color":"","overlay-opacity":"","overlay-gradient":""},"tablet":{"background-color":"var(--ast-global-color-5)","background-image":"","background-repeat":"repeat","background-position":"center center","background-size":"auto","background-attachment":"scroll","background-type":"","background-media":"","overlay-type":"","overlay-color":"","overlay-opacity":"","overlay-gradient":""},"mobile":{"background-color":"var(--ast-global-color-5)","background-image":"","background-repeat":"repeat","background-position":"center center","background-size":"auto","background-attachment":"scroll","background-type":"","background-media":"","overlay-type":"","overlay-color":"","overlay-opacity":"","overlay-gradient":""}},"footnotes":""},"class_list":["post-430","page","type-page","status-publish","hentry"],"aioseo_notices":[],"jetpack_shortlink":"https:\/\/wp.me\/Pdqi9t-6W","jetpack_sharing_enabled":true,"_links":{"self":[{"href":"https:\/\/mesah.fr\/index.php\/wp-json\/wp\/v2\/pages\/430","targetHints":{"allow":["GET"]}}],"collection":[{"href":"https:\/\/mesah.fr\/index.php\/wp-json\/wp\/v2\/pages"}],"about":[{"href":"https:\/\/mesah.fr\/index.php\/wp-json\/wp\/v2\/types\/page"}],"author":[{"embeddable":true,"href":"https:\/\/mesah.fr\/index.php\/wp-json\/wp\/v2\/users\/1"}],"replies":[{"embeddable":true,"href":"https:\/\/mesah.fr\/index.php\/wp-json\/wp\/v2\/comments?post=430"}],"version-history":[{"count":19,"href":"https:\/\/mesah.fr\/index.php\/wp-json\/wp\/v2\/pages\/430\/revisions"}],"predecessor-version":[{"id":1374,"href":"https:\/\/mesah.fr\/index.php\/wp-json\/wp\/v2\/pages\/430\/revisions\/1374"}],"wp:attachment":[{"href":"https:\/\/mesah.fr\/index.php\/wp-json\/wp\/v2\/media?parent=430"}],"curies":[{"name":"wp","href":"https:\/\/api.w.org\/{rel}","templated":true}]}}