{"id":728,"date":"2022-11-06T01:09:18","date_gmt":"2022-11-06T01:09:18","guid":{"rendered":"https:\/\/mesah.fr\/?page_id=728"},"modified":"2023-02-04T21:30:50","modified_gmt":"2023-02-04T21:30:50","slug":"atelier-expert-individuel","status":"publish","type":"page","link":"https:\/\/mesah.fr\/index.php\/atelier-expert-individuel\/","title":{"rendered":"Atelier Expert : individuel"},"content":{"rendered":"\t\t<div data-elementor-type=\"wp-page\" data-elementor-id=\"728\" class=\"elementor elementor-728\">\n\t\t\t\t\t\t<section class=\"elementor-section elementor-top-section elementor-element elementor-element-2a1852c5 elementor-section-boxed elementor-section-height-default elementor-section-height-default\" data-id=\"2a1852c5\" data-element_type=\"section\" data-e-type=\"section\">\n\t\t\t\t\t\t<div class=\"elementor-container elementor-column-gap-default\">\n\t\t\t\t\t<div class=\"elementor-column elementor-col-100 elementor-top-column elementor-element elementor-element-71749fa4\" data-id=\"71749fa4\" data-element_type=\"column\" data-e-type=\"column\">\n\t\t\t<div class=\"elementor-widget-wrap elementor-element-populated\">\n\t\t\t\t\t\t<div class=\"elementor-element elementor-element-d94902d elementor-widget elementor-widget-spacer\" data-id=\"d94902d\" data-element_type=\"widget\" data-e-type=\"widget\" data-widget_type=\"spacer.default\">\n\t\t\t\t<div class=\"elementor-widget-container\">\n\t\t\t\t\t\t\t<div class=\"elementor-spacer\">\n\t\t\t<div class=\"elementor-spacer-inner\"><\/div>\n\t\t<\/div>\n\t\t\t\t\t\t<\/div>\n\t\t\t\t<\/div>\n\t\t\t\t<div class=\"elementor-element elementor-element-5a040a6 elementor-widget elementor-widget-heading\" data-id=\"5a040a6\" data-element_type=\"widget\" data-e-type=\"widget\" data-widget_type=\"heading.default\">\n\t\t\t\t<div class=\"elementor-widget-container\">\n\t\t\t\t\t<h2 class=\"elementor-heading-title elementor-size-default\">-\/- Atelier Expert -\/- Format individuel<\/h2>\t\t\t\t<\/div>\n\t\t\t\t<\/div>\n\t\t\t\t\t<\/div>\n\t\t<\/div>\n\t\t\t\t\t<\/div>\n\t\t<\/section>\n\t\t\t\t<section class=\"elementor-section elementor-top-section elementor-element elementor-element-eb6abca elementor-section-boxed elementor-section-height-default elementor-section-height-default\" data-id=\"eb6abca\" data-element_type=\"section\" data-e-type=\"section\">\n\t\t\t\t\t\t<div class=\"elementor-container elementor-column-gap-default\">\n\t\t\t\t\t<div class=\"elementor-column elementor-col-100 elementor-top-column elementor-element elementor-element-c349c03\" data-id=\"c349c03\" data-element_type=\"column\" data-e-type=\"column\">\n\t\t\t<div class=\"elementor-widget-wrap elementor-element-populated\">\n\t\t\t\t\t\t<div class=\"elementor-element elementor-element-4e3c80e elementor-widget elementor-widget-heading\" data-id=\"4e3c80e\" data-element_type=\"widget\" data-e-type=\"widget\" data-widget_type=\"heading.default\">\n\t\t\t\t<div class=\"elementor-widget-container\">\n\t\t\t\t\t<h3 class=\"elementor-heading-title elementor-size-default\">DEMANDE d'un atelier individuel<\/h3>\t\t\t\t<\/div>\n\t\t\t\t<\/div>\n\t\t\t\t<div class=\"elementor-element elementor-element-409a19e elementor-widget elementor-widget-wp-widget-wpforms-widget\" data-id=\"409a19e\" data-element_type=\"widget\" data-e-type=\"widget\" data-widget_type=\"wp-widget-wpforms-widget.default\">\n\t\t\t\t<div class=\"elementor-widget-container\">\n\t\t\t\t\t<h5>Un atelier rien qu&rsquo;entre vous et nous<\/h5><div class=\"wpforms-container \" id=\"wpforms-958\"><form id=\"wpforms-form-958\" class=\"wpforms-validate wpforms-form wpforms-ajax-form\" data-formid=\"958\" method=\"post\" enctype=\"multipart\/form-data\" action=\"\/index.php\/wp-json\/wp\/v2\/pages\/728\" data-token=\"bd7515d46cb5f688f61698902b83c3a1\" data-token-time=\"1775475093\"><noscript class=\"wpforms-error-noscript\">Veuillez activer JavaScript dans votre navigateur pour remplir ce formulaire.<\/noscript><div class=\"wpforms-field-container\"><div id=\"wpforms-958-field_26-container\" class=\"wpforms-field wpforms-field-layout\" data-field-id=\"26\"><div class=\"wpforms-field-layout-columns wpforms-field-layout-preset-50-50\"><div class=\"wpforms-layout-column wpforms-layout-column-50\" ><div id=\"wpforms-958-field_1-container\" class=\"wpforms-field wpforms-field-email\" data-field-id=\"1\"><label class=\"wpforms-field-label\" for=\"wpforms-958-field_1\">Email <span class=\"wpforms-required-label\">*<\/span><\/label><input type=\"email\" id=\"wpforms-958-field_1\" class=\"wpforms-field-medium wpforms-field-required\" name=\"wpforms[fields][1]\" spellcheck=\"false\" required><\/div><\/div><div class=\"wpforms-layout-column wpforms-layout-column-50\" ><div id=\"wpforms-958-field_3-container\" class=\"wpforms-field wpforms-field-phone\" data-field-id=\"3\"><label class=\"wpforms-field-label\" for=\"wpforms-958-field_3\">Num\u00e9ro de t\u00e9l\u00e9phone <span class=\"wpforms-required-label\">*<\/span><\/label><input type=\"tel\" id=\"wpforms-958-field_3\" class=\"wpforms-field-medium wpforms-field-required wpforms-smart-phone-field\" data-rule-smart-phone-field=\"true\" name=\"wpforms[fields][3]\" aria-label=\"Num\u00e9ro de t\u00e9l\u00e9phone\" required><\/div><\/div><\/div><\/div><div id=\"wpforms-958-field_42-container\" class=\"wpforms-field wpforms-field-select wpforms-conditional-trigger wpforms-field-select-style-classic\" data-field-id=\"42\"><label class=\"wpforms-field-label\" for=\"wpforms-958-field_42\">CHOISIR LE THEME DE VOTRE ATELIER <span class=\"wpforms-required-label\">*<\/span><\/label><select id=\"wpforms-958-field_42\" class=\"wpforms-field-medium wpforms-field-required\" name=\"wpforms[fields][42]\" required=\"required\"><option value=\"Pr\u00e9parer un entretien annuel\" >Pr\u00e9parer un entretien annuel<\/option><option value=\"Comment d\u00e9finir et montrer le contenu de son travail\" >Comment d\u00e9finir et montrer le contenu de son travail<\/option><option value=\"Comment demander son augmentation de salaire\" >Comment demander son augmentation de salaire<\/option><option value=\"Comment faire \u00e9voluer sa carri\u00e8re et en parler \u00e0 son sup\u00e9rieur hi\u00e9rarchique\" >Comment faire \u00e9voluer sa carri\u00e8re et en parler \u00e0 son sup\u00e9rieur hi\u00e9rarchique<\/option><option value=\"Comment parler de sa charge de travail en entretien avec son sup\u00e9rieur hi\u00e9rarchique\" >Comment parler de sa charge de travail en entretien avec son sup\u00e9rieur hi\u00e9rarchique<\/option><option value=\"Contrat de travail: parlons du cadre l\u00e9gal\" >Contrat de travail: parlons du cadre l\u00e9gal<\/option><option value=\"Comment dire non, refuser une t\u00e2che ou un travail sans froisser l\u2019autre\" >Comment dire non, refuser une t\u00e2che ou un travail sans froisser l\u2019autre<\/option><option value=\"-- Autre sujet --\" >-- Autre sujet --<\/option><\/select><\/div><div id=\"wpforms-958-field_44-container\" class=\"wpforms-field wpforms-field-textarea wpforms-conditional-field wpforms-conditional-show\" data-field-id=\"44\" style=\"display:none;\"><label class=\"wpforms-field-label\" for=\"wpforms-958-field_44\">Pr\u00e9cision sur le sujet de la demande <span class=\"wpforms-required-label\">*<\/span><\/label><textarea id=\"wpforms-958-field_44\" class=\"wpforms-field-medium wpforms-field-required\" name=\"wpforms[fields][44]\" required><\/textarea><div class=\"wpforms-field-description\">Renseignez les informations compl\u00e9mentaires pour le choix \"-- Autre sujet --\"<\/div><\/div><div id=\"wpforms-958-field_41-container\" class=\"wpforms-field wpforms-field-date-time\" data-field-id=\"41\"><label class=\"wpforms-field-label\" for=\"wpforms-958-field_41\">PREFERENCES DATE \/ HEURE <span class=\"wpforms-required-label\">*<\/span><\/label><div class=\"wpforms-field-row wpforms-field-medium\"><div class=\"wpforms-field-row-block wpforms-date-type-datepicker\"><div class=\"wpforms-datepicker-wrap\"><input type=\"text\" id=\"wpforms-958-field_41\" class=\"wpforms-field-date-time-date wpforms-datepicker wpforms-field-required\" data-date-format=\"d\/m\/Y\" data-limit-days=\"sat\" data-disable-past-dates=\"1\" data-disable-todays-date=\"0\" data-input=\"true\" name=\"wpforms[fields][41][date]\" required><a title=\"Effacer la date\" data-clear class=\"wpforms-datepicker-clear\" style=\"display:none;\"><\/a><\/div><label for=\"wpforms-958-field_41\" class=\"wpforms-field-sublabel after\">Date<\/label><\/div><div class=\"wpforms-field-row-block\"><input type=\"text\" id=\"wpforms-958-field_41-time\" class=\"wpforms-field-date-time-time wpforms-timepicker wpforms-field-required\" data-time-format=\"g:i A\" data-step=\"30\" data-rule-time12h=\"true\" data-min-time=\"10:00am\" data-max-time=\"12:00am\" data-rule-time-limit=\"true\" name=\"wpforms[fields][41][time]\" required><label for=\"wpforms-958-field_41-time\" class=\"wpforms-field-sublabel after\">Heure<\/label><\/div><\/div><div class=\"wpforms-field-description\">Nous faisons au mieux pour tenir compte de vos pr\u00e9f\u00e9rences. Notre r\u00e9ponse indiquera plusieurs propositions de cr\u00e9neaux envisageables pour r\u00e9pondre \u00e0 votre demande.<\/div><\/div><div id=\"wpforms-958-field_43-container\" class=\"wpforms-field wpforms-field-textarea\" data-field-id=\"43\"><label class=\"wpforms-field-label\" for=\"wpforms-958-field_43\">AUTRES INDICATIONS<\/label><textarea id=\"wpforms-958-field_43\" class=\"wpforms-field-medium\" name=\"wpforms[fields][43]\" ><\/textarea><div class=\"wpforms-field-description\">Utilisez ce champ libre pour ajouter des pr\u00e9cisions \u00e0 votre demande.<\/div><\/div><\/div><!-- .wpforms-field-container --><div class=\"wpforms-submit-container\" ><input type=\"hidden\" name=\"wpforms[id]\" value=\"958\"><input type=\"hidden\" name=\"page_title\" value=\"\"><input type=\"hidden\" name=\"page_url\" value=\"https:\/\/mesah.fr\/index.php\/wp-json\/wp\/v2\/pages\/728\"><button type=\"submit\" name=\"wpforms[submit]\" id=\"wpforms-submit-958\" class=\"wpforms-submit\" data-alt-text=\"Veuillez patienter...\" data-submit-text=\"ENVOYER\" aria-live=\"assertive\" value=\"wpforms-submit\">ENVOYER<\/button><img decoding=\"async\" src=\"https:\/\/mesah.fr\/wp-content\/plugins\/wpforms\/assets\/images\/submit-spin.svg\" class=\"wpforms-submit-spinner\" style=\"display: none;\" width=\"26\" height=\"26\" alt=\"Chargement en cours\"><\/div><\/form><\/div>  <!-- .wpforms-container -->\t\t\t\t<\/div>\n\t\t\t\t<\/div>\n\t\t\t\t\t<\/div>\n\t\t<\/div>\n\t\t\t\t\t<\/div>\n\t\t<\/section>\n\t\t\t\t<\/div>\n\t\t","protected":false},"excerpt":{"rendered":"<p>-\/- Atelier Expert -\/- Format individuel DEMANDE d&rsquo;un atelier individuel<\/p>\n","protected":false},"author":1,"featured_media":1198,"parent":0,"menu_order":0,"comment_status":"closed","ping_status":"closed","template":"elementor_theme","meta":{"om_disable_all_campaigns":false,"site-sidebar-layout":"default","site-content-layout":"","ast-site-content-layout":"default","site-content-style":"default","site-sidebar-style":"default","ast-global-header-display":"","ast-banner-title-visibility":"","ast-main-header-display":"","ast-hfb-above-header-display":"","ast-hfb-below-header-display":"","ast-hfb-mobile-header-display":"","site-post-title":"","ast-breadcrumbs-content":"","ast-featured-img":"","footer-sml-layout":"","ast-disable-related-posts":"","theme-transparent-header-meta":"","adv-header-id-meta":"","stick-header-meta":"","header-above-stick-meta":"","header-main-stick-meta":"","header-below-stick-meta":"","astra-migrate-meta-layouts":"default","ast-page-background-enabled":"default","ast-page-background-meta":{"desktop":{"background-color":"","background-image":"","background-repeat":"repeat","background-position":"center center","background-size":"auto","background-attachment":"scroll","background-type":"","background-media":"","overlay-type":"","overlay-color":"","overlay-opacity":"","overlay-gradient":""},"tablet":{"background-color":"","background-image":"","background-repeat":"repeat","background-position":"center center","background-size":"auto","background-attachment":"scroll","background-type":"","background-media":"","overlay-type":"","overlay-color":"","overlay-opacity":"","overlay-gradient":""},"mobile":{"background-color":"","background-image":"","background-repeat":"repeat","background-position":"center center","background-size":"auto","background-attachment":"scroll","background-type":"","background-media":"","overlay-type":"","overlay-color":"","overlay-opacity":"","overlay-gradient":""}},"ast-content-background-meta":{"desktop":{"background-color":"var(--ast-global-color-5)","background-image":"","background-repeat":"repeat","background-position":"center center","background-size":"auto","background-attachment":"scroll","background-type":"","background-media":"","overlay-type":"","overlay-color":"","overlay-opacity":"","overlay-gradient":""},"tablet":{"background-color":"var(--ast-global-color-5)","background-image":"","background-repeat":"repeat","background-position":"center center","background-size":"auto","background-attachment":"scroll","background-type":"","background-media":"","overlay-type":"","overlay-color":"","overlay-opacity":"","overlay-gradient":""},"mobile":{"background-color":"var(--ast-global-color-5)","background-image":"","background-repeat":"repeat","background-position":"center center","background-size":"auto","background-attachment":"scroll","background-type":"","background-media":"","overlay-type":"","overlay-color":"","overlay-opacity":"","overlay-gradient":""}},"footnotes":""},"class_list":["post-728","page","type-page","status-publish","has-post-thumbnail","hentry"],"aioseo_notices":[],"jetpack_shortlink":"https:\/\/wp.me\/Pdqi9t-bK","jetpack_sharing_enabled":true,"_links":{"self":[{"href":"https:\/\/mesah.fr\/index.php\/wp-json\/wp\/v2\/pages\/728","targetHints":{"allow":["GET"]}}],"collection":[{"href":"https:\/\/mesah.fr\/index.php\/wp-json\/wp\/v2\/pages"}],"about":[{"href":"https:\/\/mesah.fr\/index.php\/wp-json\/wp\/v2\/types\/page"}],"author":[{"embeddable":true,"href":"https:\/\/mesah.fr\/index.php\/wp-json\/wp\/v2\/users\/1"}],"replies":[{"embeddable":true,"href":"https:\/\/mesah.fr\/index.php\/wp-json\/wp\/v2\/comments?post=728"}],"version-history":[{"count":22,"href":"https:\/\/mesah.fr\/index.php\/wp-json\/wp\/v2\/pages\/728\/revisions"}],"predecessor-version":[{"id":1072,"href":"https:\/\/mesah.fr\/index.php\/wp-json\/wp\/v2\/pages\/728\/revisions\/1072"}],"wp:featuredmedia":[{"embeddable":true,"href":"https:\/\/mesah.fr\/index.php\/wp-json\/wp\/v2\/media\/1198"}],"wp:attachment":[{"href":"https:\/\/mesah.fr\/index.php\/wp-json\/wp\/v2\/media?parent=728"}],"curies":[{"name":"wp","href":"https:\/\/api.w.org\/{rel}","templated":true}]}}